{"id":594,"date":"2021-06-04T08:39:23","date_gmt":"2021-06-04T08:39:23","guid":{"rendered":"https:\/\/winking-owl.com\/?page_id=594"},"modified":"2024-05-13T08:06:58","modified_gmt":"2024-05-13T08:06:58","slug":"legal","status":"publish","type":"page","link":"https:\/\/winking-owl.com\/en\/legal\/","title":{"rendered":"Legal"},"content":{"rendered":"<p>[vc_row][vc_column offset=&#8221;vc_col-lg-offset-2 vc_col-lg-8&#8243;][vc_row_inner][vc_column_inner][vc_column_text]<\/p>\n<article id=\"post-159\" class=\"section post-159 page type-page status-publish hentry\">\n<div class=\"container\">\n<div class=\"columns is-centered\">\n<div class=\"column is-8\">\n<div class=\"content entry-content\">\n<h1>Pol\u00edtica de privacidad<\/h1>\n<p>&nbsp;<\/p>\n<p>El objetivo de esta pol\u00edtica\u00a0es informar a los interesados acerca de las cookies que emplea esta p\u00e1gina\u00a0web\u00a0\u00a0de conformidad con\u00a0lo establecido en\u00a0la Ley 34\/2002, de 11 de julio, de Servicios de la Sociedad de la Informaci\u00f3n y\u00a0de Comercio Electr\u00f3nico,\u00a0\u00a0y\u00a0el Reglamento\u00a0(UE) 2016\/679 del Parlamento Europeo y del Consejo de 27 de abril de 2016.<\/p>\n<p data-ogsc=\"rgb(51, 51, 51)\">FINALIDADES &#8211; \u00bfCon qu\u00e9 finalidad tratamos sus datos personales?<br \/>\nEn cumplimiento de lo dispuesto en el Reglamento Europeo 2016\/679 General de Protecci\u00f3n de Datos,as\u00ed como La Ley Org\u00e1nica 3\/2018, de 5 de diciembre de Protecci\u00f3n de Datos Personales y garant\u00eda de los derechos digitales, le informamos de que en ZIPPINGCARE SL tratamos los datos personales con las siguientes finalidades:<br \/>\n&#8211; La gesti\u00f3n comercial, administrativa y fiscal de la propia entidad.<br \/>\n&#8211; El env\u00edo de informaci\u00f3n comercial de nuestros productos y servicios.<br \/>\n&#8211; La gesti\u00f3n de los procesos de selecci\u00f3n de personal.<\/p>\n<p data-ogsc=\"rgb(51, 51, 51)\">CONSERVACI\u00d3N &#8211; \u00bfPor cu\u00e1nto tiempo conservaremos sus datos?<br \/>\n&#8211; Los datos proporcionados se conservar\u00e1n mientras se mantenga la relaci\u00f3n, o en su caso, hasta que solicite la cancelaci\u00f3n de estos, ya no sean necesarios para los fines que fueron recabados, o durante el tiempo necesario para cumplir con las obligaciones legales.<\/p>\n<p data-ogsc=\"rgb(51, 51, 51)\">DECISIONES &#8211; \u00bfSe tomar\u00e1n decisiones automatizadas, perfiles o l\u00f3gicas aplicadas?<br \/>\n&#8211; En ZIPPINGCARE SL no realizamos estudios ni tomamos decisiones automatizadas con los datos obtenidos, tampoco se realizan perfiles ni se aplican l\u00f3gicas programadas.<\/p>\n<p data-ogsc=\"rgb(51, 51, 51)\">LEGITIMACI\u00d3N &#8211; \u00bfCu\u00e1l es la legitimaci\u00f3n para el tratamiento de sus datos personales?<br \/>\n&#8211; Legitimaci\u00f3n por ejecuci\u00f3n de un contrato, el tratamiento es necesario para la ejecuci\u00f3n de un contrato en el que el interesado es parte o para la aplicaci\u00f3n a petici\u00f3n de este de medidas precontractuales.<br \/>\n&#8211; Legitimaci\u00f3n por consentimiento del interesado, la empresa solicitar\u00e1 el consentimiento del interesado antes de la recogida de datos, para ello se utiliza un formulario donde se informa sobre el tratamiento de sus datos, en el caso de la web no es posible continuar con el proceso a menos que el interesado clique y acepte dicho tratamiento.<\/p>\n<p data-ogsc=\"rgb(51, 51, 51)\">DESTINATARIOS &#8211; \u00bfA qu\u00e9 destinatarios se comunicar\u00e1n sus datos personales?<br \/>\nLos datos personales no ser\u00e1n cedidos a ning\u00fan tercero, salvo a organismos y autoridades p\u00fablicas (administrativas o judiciales) en aquellos casos en los que una norma legal as\u00ed lo establezca.<\/p>\n<p data-ogsc=\"rgb(51, 51, 51)\">DERECHOS &#8211; \u00bfQu\u00e9 derechos me asisten y como ejercerlos?<br \/>\nTiene derecho a obtener confirmaci\u00f3n sobre si en ZIPPINGCARE SL estamos tratando datos personales que le conciernan o no. Asimismo, tiene derecho a acceder a sus datos personales, as\u00ed como a solicitar la rectificaci\u00f3n de los mismos de ser inexactos o, en su caso, solicitar su supresi\u00f3n cuando, entre otros motivos, los datos ya no sean necesarios para los fines que fueron recogidos, puede oponerse al tratamiento de sus datos y dejaremos de tratarlos, salvo por motivos leg\u00edtimos o el ejercicio o la defensa de posibles reclamaciones, puede ejercer el derecho a la portabilidad de los datos, as\u00ed como retirar los consentimientos facilitados en cualquier momento, sin que ello afecte a la licitud del tratamiento basado en el consentimiento previo a su retirada.<\/p>\n<p data-ogsc=\"rgb(51, 51, 51)\">Si desea ejercer cualquiera de sus derechos puede dirigirse a nosotros enviando una comunicaci\u00f3n escrita a la direcci\u00f3n de correo electr\u00f3nico <a class=\"ms-outlook-linkify\" href=\"mailto:legal@winking-owl.com\" data-ogsc=\"\">legal@winking-owl.com<\/a>, o bien a nuestra direcci\u00f3n ZIPPINGCARE SL, C\/ Toom\u00e1s L\u00f3pez 3 &#8211; 29009 \u00a0&#8211; Madrid acompa\u00f1ada de una copia de documento oficial que le identifique (DNI, carnet de conducir o pasaporte).<br \/>\nAdem\u00e1s, puede dirigirse a la Autoridad de Control en materia de Protecci\u00f3n de Datos competente para obtener informaci\u00f3n adicional o presentar una reclamaci\u00f3n, <a class=\"ms-outlook-linkify\" href=\"https:\/\/www.aepd.es\/\" data-ogsc=\"\">https:\/\/www.aepd.es<\/a><\/p>\n<h1 data-ogsc=\"rgb(51, 51, 51)\"><\/h1>\n<h1 data-ogsc=\"rgb(51, 51, 51)\">Cookies<\/h1>\n<p>&nbsp;<\/p>\n<h3>1. Uso de cookies. \u00bfQu\u00e9 son las cookies?<\/h3>\n<p>Las cookies son ficheros que se\u00a0descargan en su Ordenador, Smartphone o Tablet al acceder a determinadas\u00a0p\u00e1ginas web. La utilizaci\u00f3n\u00a0de cookies, ofrece numerosas ventajas en la\u00a0prestaci\u00f3n de servicios de la Sociedad de la Informaci\u00f3n, puesto que, entre\u00a0otras: (a)\u00a0facilita la navegaci\u00f3n del usuario en el Sitio Web; (b) facilita al\u00a0usuario el acceso a los diferentes servicios que ofrece el Sitio Web; (c)\u00a0evita\u00a0al usuario volver a configurar caracter\u00edsticas generales predefinidas cada vez\u00a0que accede al Sitio Web; (d) favorece la mejora del\u00a0funcionamiento y de los\u00a0servicios prestados a trav\u00e9s del Sitio Web, tras el correspondiente an\u00e1lisis de\u00a0la informaci\u00f3n obtenida a trav\u00e9s\u00a0de las cookies instaladas; (e) permiten a un\u00a0Sitio Web, entre otras cosas, almacenar y recuperar informaci\u00f3n sobre los\u00a0h\u00e1bitos de\u00a0navegaci\u00f3n de un usuario o de su equipo y, dependiendo de la\u00a0informaci\u00f3n que contengan y de la forma en que utilice su equipo,\u00a0pueden\u00a0utilizarse para reconocer al usuario.<\/p>\n<p>La mayor\u00eda de los navegadores\u00a0aceptan como est\u00e1ndar a las cookies y, con independencia de las mismas,\u00a0permiten o impiden en los\u00a0ajustes de seguridad\u00a0\u00a0las cookies temporales o memorizadas.<\/p>\n<p>Ten en cuenta que para poder\u00a0utilizar y contar con una mejor experiencia de navegaci\u00f3n,\u00a0\u00a0es\u00a0necesario que tengas habilitadas\u00a0las cookies, especialmente aquellas de\u00a0car\u00e1cter t\u00e9cnico que resultan necesarias para que pueda identificarte como\u00a0usuario\u00a0registrado cada vez que accedas a la presente web.<\/p>\n<p>En caso de no querer recibir\u00a0cookies, por favor, configure su navegador de internet, para que las borre del\u00a0disco duro de su ordenador,\u00a0las bloquee o le avise en su caso de instalaci\u00f3n de\u00a0las mismas.<\/p>\n<h3>2. \u00bfQu\u00e9 tipos de cookies utiliza esta p\u00e1gina web?<\/h3>\n<p>Cookies utilizadas en este sitio\u00a0web<\/p>\n<p>Siguiendo las directrices de la\u00a0Agencia Espa\u00f1ola de Protecci\u00f3n de Datos, procedemos a detallar el uso de las\u00a0cookies\u00a0que esta\u00a0p\u00e1gina web emplea,\u00a0\u00a0con el fin\u00a0de proporcionarle\u00a0\u00a0la m\u00e1xima informaci\u00f3n\u00a0posible.<\/p>\n<p>Cookies Propias:<\/p>\n<p>Son\u00a0aqu\u00e9llas que se env\u00edan al equipo terminal del usuario desde un equipo o dominio\u00a0gestionado por el propio editor y desde el que se\u00a0presta el servicio solicitado\u00a0por el usuario.<\/p>\n<p>A\u00a0continuaci\u00f3n la lista de las que utilizamos:<\/p>\n<figure class=\"wp-block-table\">\n<table>\n<thead>\n<tr>\n<th>Nombre del proveedor<\/th>\n<th>Finalidad de la cookie<\/th>\n<th>Descripci\u00f3n de la finalidad de la cookie<\/th>\n<th>Si desea m\u00e1s informaci\u00f3n sobre el uso de las cookies de este tercero<\/th>\n<\/tr>\n<\/thead>\n<\/table>\n<\/figure>\n<figure class=\"wp-block-table\">\n<table>\n<tbody>\n<tr>\n<td>Google<\/td>\n<td>Anal\u00edticas<\/td>\n<td>Cookies de Google Analytics. Generan un ID de usuario an\u00f3nimo, que es el que se utiliza para hacer recuento de cuantas veces visita el sitio un usuario. Tambi\u00e9n registra cuando fue la primera y la \u00faltima vez que visit\u00f3 la web. Asimismo, calcula cuando se ha terminado una sesi\u00f3n, origen del usuario, y keywords.<\/td>\n<td><a href=\"https:\/\/developers.google.com\/analytics\/devguides\/collection\/analyticsjs\/cookie-usage\" target=\"_blank\" rel=\"noreferrer noopener\">Uso de las cookies de Google Analytics en los sitios web<\/a><\/td>\n<\/tr>\n<\/tbody>\n<\/table>\n<\/figure>\n<p>Cookies de Terceros:<\/p>\n<p>Son\u00a0aqu\u00e9llas que se env\u00edan al equipo terminal del usuario desde un equipo o dominio\u00a0que no es gestionado por el editor, sino por otra\u00a0entidad que trata los datos\u00a0obtenidos trav\u00e9s de las cookies.<\/p>\n<p>A\u00a0continuaci\u00f3n la lista de las que utilizamos:<\/p>\n<p>&nbsp;<\/p>\n<ul>\n<li>Nombre<\/li>\n<li>Tipo<\/li>\n<li>Proveedor<\/li>\n<li>Finalidad<\/li>\n<\/ul>\n<p>Zipping Care S.L. no se hace responsable, en ning\u00fan caso ni del contenido ni de la veracidad de las pol\u00edticas y\/o condiciones de uso y privacidad de los terceros, incluidos, a trav\u00e9s de los enlaces, en esta pol\u00edtica.<\/p>\n<h3>3. Consentimiento<\/h3>\n<p>En relaci\u00f3n con la utilizaci\u00f3n de cookies de este sitio web descritos en el apartado anterior, el usuario autoriza y consiente su uso de la siguiente forma: Cuando el usuario accede a cualquier p\u00e1gina de la web, ver\u00e1 un aviso\u00a0\u00a0donde se indica que la p\u00e1gina web de Zipping Care S.L. utiliza cookies, pudiendo el usuario aceptar o rechazar el uso de las mismas a trav\u00e9s de la configuraci\u00f3n de su navegador. Si el usuario no configura su navegador para que las cookies no se activen, al navegar por el sitio web de Zipping Care S.L. y utilizar sus servicios, el usuario acepta el uso que se hace de las cookies.<\/p>\n<h3>4. C\u00f3mo bloquear o eliminar las cookies instaladas<\/h3>\n<p>Puede usted permitir, bloquear o\u00a0eliminar las cookies instaladas en su equipo mediante la configuraci\u00f3n de las\u00a0opciones de su\u00a0navegador. Puede encontrar informaci\u00f3n sobre c\u00f3mo hacerlo, en\u00a0relaci\u00f3n con los navegadores m\u00e1s comunes en los links que se\u00a0incluyen a\u00a0continuaci\u00f3n:<\/p>\n<p>Explorer:\u00a0<a href=\"https:\/\/support.microsoft.com\/es-es\/kb\/278835\" target=\"_blank\" rel=\"noreferrer noopener\">https:\/\/support.microsoft.com\/es-es\/kb\/278835<\/a><\/p>\n<p>Microsoft Edge:\u00a0<a href=\"https:\/\/privacy.microsoft.com\/es-es\/windows-10-microsoft-edge-and-privacy\" target=\"_blank\" rel=\"noreferrer noopener\">https:\/\/privacy.microsoft.com\/es-es\/windows-10-microsoft-edge-and-privacy<\/a><\/p>\n<p>Chrome:<a href=\"https:\/\/support.google.com\/chrome\/answer\/95647?co=GENIE.Platform%3DDesktop&amp;hl=esttp:\/\/support.google.com\/chrome\/bin\/answer.py?hl=es&amp;answer=95647\" target=\"_blank\" rel=\"noreferrer noopener\">https:\/\/support.google.com\/chrome\/answer\/95647?co=GENIE.Platform%3DDesktop&amp;hl=esttp:\/\/support.google.com\/chrome\/bin\/answer.py?hl=es&amp;answer=95647<\/a><\/p>\n<p>Firefox:\u00a0<a href=\"http:\/\/support.mozilla.org\/es\/kb\/Borrar%20cookies\" target=\"_blank\" rel=\"noreferrer noopener\">http:\/\/support.mozilla.org\/es\/kb\/Borrar%20cookies<\/a><\/p>\n<p>Safari:\u00a0<a href=\"http:\/\/support.apple.com\/kb\/ph5042\" target=\"_blank\" rel=\"noreferrer noopener\">http:\/\/support.apple.com\/kb\/ph5042<\/a>.<\/p>\n<p>Le informamos, no obstante, de la\u00a0posibilidad de que la desactivaci\u00f3n de alguna cookie impida o dificulte la\u00a0navegaci\u00f3n o la prestaci\u00f3n\u00a0de los servicios ofrecidos en la p\u00e1gina web.<\/p>\n<h3>5. Modificaciones<\/h3>\n<p>La presente pol\u00edtica de cookies\u00a0puede verse modificada en funci\u00f3n de las exigencias legales establecidas o con\u00a0la finalidad de adaptar\u00a0dicha pol\u00edtica a las instrucciones dictadas por la\u00a0Agencia Espa\u00f1ola de Protecci\u00f3n de Datos.<\/p>\n<p>Por esta raz\u00f3n, aconsejamos a los\u00a0usuarios que\u00a0\u00a0visiten peri\u00f3dicamente\u00a0nuestra\u00a0\u00a0pol\u00edtica de cookies.<\/p>\n<p>Cuando se produzcan cambios significativos\u00a0en esta pol\u00edtica, en la medida de nuestras posibilidades, comunicaremos a los\u00a0usuarios\u00a0estos cambios mediante un aviso en nuestra p\u00e1gina web.<\/p>\n<p>Si tiene dudas acerca de esta pol\u00edtica de cookies, puede contactar con Zipping Care S.L. a trav\u00e9s del siguiente correo electr\u00f3nico\u00a0<a href=\"mailto:hello@winking-owl.com\" target=\"_blank\" rel=\"noreferrer noopener\">hello@winking-owl.com<\/a><\/p>\n<\/div>\n<\/div>\n<\/div>\n<\/div>\n<\/article>\n<p>[\/vc_column_text][\/vc_column_inner][\/vc_row_inner][\/vc_column][\/vc_row]<\/p>\n","protected":false},"excerpt":{"rendered":"<p>[vc_row][vc_column offset=&#8221;vc_col-lg-offset-2 vc_col-lg-8&#8243;][vc_row_inner][vc_column_inner][vc_column_text] Pol\u00edtica de privacidad &nbsp; El objetivo de esta pol\u00edtica\u00a0es informar a los interesados acerca de las cookies [&hellip;]<\/p>\n","protected":false},"author":1,"featured_media":0,"parent":0,"menu_order":0,"comment_status":"closed","ping_status":"closed","template":"page-full.php","meta":[],"yoast_head":"<!-- This site is optimized with the Yoast SEO plugin v16.4 - https:\/\/yoast.com\/wordpress\/plugins\/seo\/ -->\n<title>Legal - Winking Owl - Audit customer journeys automatically.<\/title>\n<meta name=\"robots\" content=\"index, follow, max-snippet:-1, max-image-preview:large, max-video-preview:-1\" \/>\n<link rel=\"canonical\" href=\"https:\/\/winking-owl.com\/en\/legal\/\" \/>\n<meta property=\"og:locale\" content=\"en_US\" \/>\n<meta property=\"og:type\" content=\"article\" \/>\n<meta property=\"og:title\" content=\"Legal - Winking Owl - Audit customer journeys automatically.\" \/>\n<meta property=\"og:description\" content=\"[vc_row][vc_column offset=&#8221;vc_col-lg-offset-2 vc_col-lg-8&#8243;][vc_row_inner][vc_column_inner][vc_column_text] Pol\u00edtica de privacidad &nbsp; El objetivo de esta pol\u00edtica\u00a0es informar a los interesados acerca de las cookies [&hellip;]\" \/>\n<meta property=\"og:url\" content=\"https:\/\/winking-owl.com\/en\/legal\/\" \/>\n<meta property=\"og:site_name\" content=\"Winking Owl - Audit customer journeys automatically.\" \/>\n<meta property=\"article:modified_time\" content=\"2024-05-13T08:06:58+00:00\" \/>\n<meta name=\"twitter:card\" content=\"summary_large_image\" \/>\n<meta name=\"twitter:label1\" content=\"Est. reading time\" \/>\n\t<meta name=\"twitter:data1\" content=\"7 minutes\" \/>\n<script type=\"application\/ld+json\" class=\"yoast-schema-graph\">{\"@context\":\"https:\/\/schema.org\",\"@graph\":[{\"@type\":\"WebSite\",\"@id\":\"https:\/\/winking-owl.com\/#website\",\"url\":\"https:\/\/winking-owl.com\/\",\"name\":\"Winking Owl - Audit customer journeys automatically.\",\"description\":\"Know what&#039;s happening as it happens.\",\"potentialAction\":[{\"@type\":\"SearchAction\",\"target\":\"https:\/\/winking-owl.com\/?s={search_term_string}\",\"query-input\":\"required name=search_term_string\"}],\"inLanguage\":\"en-US\"},{\"@type\":\"WebPage\",\"@id\":\"https:\/\/winking-owl.com\/en\/legal\/#webpage\",\"url\":\"https:\/\/winking-owl.com\/en\/legal\/\",\"name\":\"Legal - Winking Owl - Audit customer journeys automatically.\",\"isPartOf\":{\"@id\":\"https:\/\/winking-owl.com\/#website\"},\"datePublished\":\"2021-06-04T08:39:23+00:00\",\"dateModified\":\"2024-05-13T08:06:58+00:00\",\"breadcrumb\":{\"@id\":\"https:\/\/winking-owl.com\/en\/legal\/#breadcrumb\"},\"inLanguage\":\"en-US\",\"potentialAction\":[{\"@type\":\"ReadAction\",\"target\":[\"https:\/\/winking-owl.com\/en\/legal\/\"]}]},{\"@type\":\"BreadcrumbList\",\"@id\":\"https:\/\/winking-owl.com\/en\/legal\/#breadcrumb\",\"itemListElement\":[{\"@type\":\"ListItem\",\"position\":1,\"item\":{\"@type\":\"WebPage\",\"@id\":\"https:\/\/winking-owl.com\/\",\"url\":\"https:\/\/winking-owl.com\/\",\"name\":\"Home\"}},{\"@type\":\"ListItem\",\"position\":2,\"item\":{\"@id\":\"https:\/\/winking-owl.com\/en\/legal\/#webpage\"}}]}]}<\/script>\n<!-- \/ Yoast SEO plugin. -->","_links":{"self":[{"href":"https:\/\/winking-owl.com\/en\/wp-json\/wp\/v2\/pages\/594"}],"collection":[{"href":"https:\/\/winking-owl.com\/en\/wp-json\/wp\/v2\/pages"}],"about":[{"href":"https:\/\/winking-owl.com\/en\/wp-json\/wp\/v2\/types\/page"}],"author":[{"embeddable":true,"href":"https:\/\/winking-owl.com\/en\/wp-json\/wp\/v2\/users\/1"}],"replies":[{"embeddable":true,"href":"https:\/\/winking-owl.com\/en\/wp-json\/wp\/v2\/comments?post=594"}],"version-history":[{"count":11,"href":"https:\/\/winking-owl.com\/en\/wp-json\/wp\/v2\/pages\/594\/revisions"}],"predecessor-version":[{"id":1045,"href":"https:\/\/winking-owl.com\/en\/wp-json\/wp\/v2\/pages\/594\/revisions\/1045"}],"wp:attachment":[{"href":"https:\/\/winking-owl.com\/en\/wp-json\/wp\/v2\/media?parent=594"}],"curies":[{"name":"wp","href":"https:\/\/api.w.org\/{rel}","templated":true}]}}